{"id":1252,"date":"2018-11-30T16:03:48","date_gmt":"2018-11-30T16:03:48","guid":{"rendered":"http:\/\/www.prolamfloors.com\/career-v2\/"},"modified":"2026-04-10T13:24:33","modified_gmt":"2026-04-10T13:24:33","slug":"carrieres","status":"publish","type":"page","link":"https:\/\/www.prolamfloors.com\/fr\/carrieres\/","title":{"rendered":"Carri\u00e8res"},"content":{"rendered":"<p>[et_pb_section admin_label=\u00a0\u00bbsection\u00a0\u00bb]<br \/>\n[et_pb_row admin_label=\u00a0\u00bbrow\u00a0\u00bb]<br \/>\n[et_pb_column type=\u00a0\u00bb4_4&Prime;][\/et_pb_column]<br \/>\n[\/et_pb_row]<br \/>\n[\/et_pb_section]<\/p>\n","protected":false},"excerpt":{"rendered":"<p>[et_pb_section admin_label=\u00a0\u00bbsection\u00a0\u00bb] [et_pb_row admin_label=\u00a0\u00bbrow\u00a0\u00bb] [et_pb_column type=\u00a0\u00bb4_4&Prime;][\/et_pb_column] [\/et_pb_row] [\/et_pb_section]<\/p>\n","protected":false},"author":1,"featured_media":0,"parent":0,"menu_order":0,"comment_status":"closed","ping_status":"closed","template":"content-carriere2021.php","meta":{"_acf_changed":false,"footnotes":""},"class_list":["post-1252","page","type-page","status-publish","hentry"],"acf":[],"yoast_head":"<!-- This site is optimized with the Yoast SEO plugin v27.2 - https:\/\/yoast.com\/product\/yoast-seo-wordpress\/ -->\n<title>Offres d\u2019emploi offertes chez Prolam | Prolam<\/title>\n<meta name=\"description\" content=\"Pr\u00eat pour un changement de carri\u00e8re ? Prolam est toujours \u00e0 la recherche de nouveaux candidats. Jetez un coup d\u2019\u0153il sur nos offres d\u2019emploi maintenant !\" \/>\n<meta name=\"robots\" content=\"index, follow, max-snippet:-1, max-image-preview:large, max-video-preview:-1\" \/>\n<link rel=\"canonical\" href=\"https:\/\/www.prolamfloors.com\/fr\/carrieres\/\" \/>\n<meta property=\"og:locale\" content=\"fr_FR\" \/>\n<meta property=\"og:type\" content=\"article\" \/>\n<meta property=\"og:title\" content=\"Offres d\u2019emploi offertes chez Prolam | Prolam\" \/>\n<meta property=\"og:description\" content=\"Pr\u00eat pour un changement de carri\u00e8re ? Prolam est toujours \u00e0 la recherche de nouveaux candidats. Jetez un coup d\u2019\u0153il sur nos offres d\u2019emploi maintenant !\" \/>\n<meta property=\"og:url\" content=\"https:\/\/www.prolamfloors.com\/fr\/carrieres\/\" \/>\n<meta property=\"og:site_name\" content=\"Prolam\" \/>\n<meta property=\"article:modified_time\" content=\"2026-04-10T13:24:33+00:00\" \/>\n<meta name=\"twitter:card\" content=\"summary_large_image\" \/>\n<meta name=\"twitter:label1\" content=\"Dur\u00e9e de lecture estim\u00e9e\" \/>\n\t<meta name=\"twitter:data1\" content=\"1 minute\" \/>\n<script type=\"application\/ld+json\" class=\"yoast-schema-graph\">{\"@context\":\"https:\/\/schema.org\",\"@graph\":[{\"@type\":\"WebPage\",\"@id\":\"https:\/\/www.prolamfloors.com\/fr\/carrieres\/\",\"url\":\"https:\/\/www.prolamfloors.com\/fr\/carrieres\/\",\"name\":\"Offres d\u2019emploi offertes chez Prolam | Prolam\",\"isPartOf\":{\"@id\":\"https:\/\/www.prolamfloors.com\/#website\"},\"datePublished\":\"2018-11-30T16:03:48+00:00\",\"dateModified\":\"2026-04-10T13:24:33+00:00\",\"description\":\"Pr\u00eat pour un changement de carri\u00e8re ? Prolam est toujours \u00e0 la recherche de nouveaux candidats. Jetez un coup d\u2019\u0153il sur nos offres d\u2019emploi maintenant !\",\"inLanguage\":\"fr-FR\",\"potentialAction\":[{\"@type\":\"ReadAction\",\"target\":[\"https:\/\/www.prolamfloors.com\/fr\/carrieres\/\"]}]},{\"@type\":\"WebSite\",\"@id\":\"https:\/\/www.prolamfloors.com\/#website\",\"url\":\"https:\/\/www.prolamfloors.com\/\",\"name\":\"Prolam\",\"description\":\"Driven by innovation\",\"potentialAction\":[{\"@type\":\"SearchAction\",\"target\":{\"@type\":\"EntryPoint\",\"urlTemplate\":\"https:\/\/www.prolamfloors.com\/?s={search_term_string}\"},\"query-input\":{\"@type\":\"PropertyValueSpecification\",\"valueRequired\":true,\"valueName\":\"search_term_string\"}}],\"inLanguage\":\"fr-FR\"}]}<\/script>\n<!-- \/ Yoast SEO plugin. -->","yoast_head_json":{"title":"Offres d\u2019emploi offertes chez Prolam | Prolam","description":"Pr\u00eat pour un changement de carri\u00e8re ? Prolam est toujours \u00e0 la recherche de nouveaux candidats. Jetez un coup d\u2019\u0153il sur nos offres d\u2019emploi maintenant !","robots":{"index":"index","follow":"follow","max-snippet":"max-snippet:-1","max-image-preview":"max-image-preview:large","max-video-preview":"max-video-preview:-1"},"canonical":"https:\/\/www.prolamfloors.com\/fr\/carrieres\/","og_locale":"fr_FR","og_type":"article","og_title":"Offres d\u2019emploi offertes chez Prolam | Prolam","og_description":"Pr\u00eat pour un changement de carri\u00e8re ? Prolam est toujours \u00e0 la recherche de nouveaux candidats. Jetez un coup d\u2019\u0153il sur nos offres d\u2019emploi maintenant !","og_url":"https:\/\/www.prolamfloors.com\/fr\/carrieres\/","og_site_name":"Prolam","article_modified_time":"2026-04-10T13:24:33+00:00","twitter_card":"summary_large_image","twitter_misc":{"Dur\u00e9e de lecture estim\u00e9e":"1 minute"},"schema":{"@context":"https:\/\/schema.org","@graph":[{"@type":"WebPage","@id":"https:\/\/www.prolamfloors.com\/fr\/carrieres\/","url":"https:\/\/www.prolamfloors.com\/fr\/carrieres\/","name":"Offres d\u2019emploi offertes chez Prolam | Prolam","isPartOf":{"@id":"https:\/\/www.prolamfloors.com\/#website"},"datePublished":"2018-11-30T16:03:48+00:00","dateModified":"2026-04-10T13:24:33+00:00","description":"Pr\u00eat pour un changement de carri\u00e8re ? Prolam est toujours \u00e0 la recherche de nouveaux candidats. Jetez un coup d\u2019\u0153il sur nos offres d\u2019emploi maintenant !","inLanguage":"fr-FR","potentialAction":[{"@type":"ReadAction","target":["https:\/\/www.prolamfloors.com\/fr\/carrieres\/"]}]},{"@type":"WebSite","@id":"https:\/\/www.prolamfloors.com\/#website","url":"https:\/\/www.prolamfloors.com\/","name":"Prolam","description":"Driven by innovation","potentialAction":[{"@type":"SearchAction","target":{"@type":"EntryPoint","urlTemplate":"https:\/\/www.prolamfloors.com\/?s={search_term_string}"},"query-input":{"@type":"PropertyValueSpecification","valueRequired":true,"valueName":"search_term_string"}}],"inLanguage":"fr-FR"}]}},"_links":{"self":[{"href":"https:\/\/www.prolamfloors.com\/fr\/wp-json\/wp\/v2\/pages\/1252","targetHints":{"allow":["GET"]}}],"collection":[{"href":"https:\/\/www.prolamfloors.com\/fr\/wp-json\/wp\/v2\/pages"}],"about":[{"href":"https:\/\/www.prolamfloors.com\/fr\/wp-json\/wp\/v2\/types\/page"}],"author":[{"embeddable":true,"href":"https:\/\/www.prolamfloors.com\/fr\/wp-json\/wp\/v2\/users\/1"}],"replies":[{"embeddable":true,"href":"https:\/\/www.prolamfloors.com\/fr\/wp-json\/wp\/v2\/comments?post=1252"}],"version-history":[{"count":191,"href":"https:\/\/www.prolamfloors.com\/fr\/wp-json\/wp\/v2\/pages\/1252\/revisions"}],"predecessor-version":[{"id":3331,"href":"https:\/\/www.prolamfloors.com\/fr\/wp-json\/wp\/v2\/pages\/1252\/revisions\/3331"}],"wp:attachment":[{"href":"https:\/\/www.prolamfloors.com\/fr\/wp-json\/wp\/v2\/media?parent=1252"}],"curies":[{"name":"wp","href":"https:\/\/api.w.org\/{rel}","templated":true}]}}