{"id":1155,"date":"2018-11-26T19:31:53","date_gmt":"2018-11-26T19:31:53","guid":{"rendered":"http:\/\/www.prolamfloors.com\/our-approch\/"},"modified":"2025-04-24T15:00:20","modified_gmt":"2025-04-24T15:00:20","slug":"notre-approche","status":"publish","type":"page","link":"https:\/\/www.prolamfloors.com\/fr\/notre-approche\/","title":{"rendered":"Notre approche"},"content":{"rendered":"","protected":false},"excerpt":{"rendered":"","protected":false},"author":1,"featured_media":0,"parent":0,"menu_order":0,"comment_status":"closed","ping_status":"closed","template":"content-approch.php","meta":{"_acf_changed":false,"footnotes":""},"class_list":["post-1155","page","type-page","status-publish","hentry"],"acf":[],"yoast_head":"<!-- This site is optimized with the Yoast SEO plugin v27.2 - https:\/\/yoast.com\/product\/yoast-seo-wordpress\/ -->\n<title>Notre approche concernant la protection des planchers de remorque<\/title>\n<meta name=\"description\" content=\"Prolam offre un service \u00e0 la client\u00e8le sans pareil et vous aidera \u00e0 prendre les bonnes d\u00e9cisions lors de l\u2019achat de votre prochain plancher de remorque.\" \/>\n<meta name=\"robots\" content=\"index, follow, max-snippet:-1, max-image-preview:large, max-video-preview:-1\" \/>\n<link rel=\"canonical\" href=\"https:\/\/www.prolamfloors.com\/fr\/notre-approche\/\" \/>\n<meta property=\"og:locale\" content=\"fr_FR\" \/>\n<meta property=\"og:type\" content=\"article\" \/>\n<meta property=\"og:title\" content=\"Notre approche concernant la protection des planchers de remorque\" \/>\n<meta property=\"og:description\" content=\"Prolam offre un service \u00e0 la client\u00e8le sans pareil et vous aidera \u00e0 prendre les bonnes d\u00e9cisions lors de l\u2019achat de votre prochain plancher de remorque.\" \/>\n<meta property=\"og:url\" content=\"https:\/\/www.prolamfloors.com\/fr\/notre-approche\/\" \/>\n<meta property=\"og:site_name\" content=\"Prolam\" \/>\n<meta property=\"article:modified_time\" content=\"2025-04-24T15:00:20+00:00\" \/>\n<meta name=\"twitter:card\" content=\"summary_large_image\" \/>\n<script type=\"application\/ld+json\" class=\"yoast-schema-graph\">{\"@context\":\"https:\/\/schema.org\",\"@graph\":[{\"@type\":\"WebPage\",\"@id\":\"https:\/\/www.prolamfloors.com\/fr\/notre-approche\/\",\"url\":\"https:\/\/www.prolamfloors.com\/fr\/notre-approche\/\",\"name\":\"Notre approche concernant la protection des planchers de remorque\",\"isPartOf\":{\"@id\":\"https:\/\/www.prolamfloors.com\/#website\"},\"datePublished\":\"2018-11-26T19:31:53+00:00\",\"dateModified\":\"2025-04-24T15:00:20+00:00\",\"description\":\"Prolam offre un service \u00e0 la client\u00e8le sans pareil et vous aidera \u00e0 prendre les bonnes d\u00e9cisions lors de l\u2019achat de votre prochain plancher de remorque.\",\"inLanguage\":\"fr-FR\",\"potentialAction\":[{\"@type\":\"ReadAction\",\"target\":[\"https:\/\/www.prolamfloors.com\/fr\/notre-approche\/\"]}]},{\"@type\":\"WebSite\",\"@id\":\"https:\/\/www.prolamfloors.com\/#website\",\"url\":\"https:\/\/www.prolamfloors.com\/\",\"name\":\"Prolam\",\"description\":\"Driven by innovation\",\"potentialAction\":[{\"@type\":\"SearchAction\",\"target\":{\"@type\":\"EntryPoint\",\"urlTemplate\":\"https:\/\/www.prolamfloors.com\/?s={search_term_string}\"},\"query-input\":{\"@type\":\"PropertyValueSpecification\",\"valueRequired\":true,\"valueName\":\"search_term_string\"}}],\"inLanguage\":\"fr-FR\"}]}<\/script>\n<!-- \/ Yoast SEO plugin. -->","yoast_head_json":{"title":"Notre approche concernant la protection des planchers de remorque","description":"Prolam offre un service \u00e0 la client\u00e8le sans pareil et vous aidera \u00e0 prendre les bonnes d\u00e9cisions lors de l\u2019achat de votre prochain plancher de remorque.","robots":{"index":"index","follow":"follow","max-snippet":"max-snippet:-1","max-image-preview":"max-image-preview:large","max-video-preview":"max-video-preview:-1"},"canonical":"https:\/\/www.prolamfloors.com\/fr\/notre-approche\/","og_locale":"fr_FR","og_type":"article","og_title":"Notre approche concernant la protection des planchers de remorque","og_description":"Prolam offre un service \u00e0 la client\u00e8le sans pareil et vous aidera \u00e0 prendre les bonnes d\u00e9cisions lors de l\u2019achat de votre prochain plancher de remorque.","og_url":"https:\/\/www.prolamfloors.com\/fr\/notre-approche\/","og_site_name":"Prolam","article_modified_time":"2025-04-24T15:00:20+00:00","twitter_card":"summary_large_image","schema":{"@context":"https:\/\/schema.org","@graph":[{"@type":"WebPage","@id":"https:\/\/www.prolamfloors.com\/fr\/notre-approche\/","url":"https:\/\/www.prolamfloors.com\/fr\/notre-approche\/","name":"Notre approche concernant la protection des planchers de remorque","isPartOf":{"@id":"https:\/\/www.prolamfloors.com\/#website"},"datePublished":"2018-11-26T19:31:53+00:00","dateModified":"2025-04-24T15:00:20+00:00","description":"Prolam offre un service \u00e0 la client\u00e8le sans pareil et vous aidera \u00e0 prendre les bonnes d\u00e9cisions lors de l\u2019achat de votre prochain plancher de remorque.","inLanguage":"fr-FR","potentialAction":[{"@type":"ReadAction","target":["https:\/\/www.prolamfloors.com\/fr\/notre-approche\/"]}]},{"@type":"WebSite","@id":"https:\/\/www.prolamfloors.com\/#website","url":"https:\/\/www.prolamfloors.com\/","name":"Prolam","description":"Driven by innovation","potentialAction":[{"@type":"SearchAction","target":{"@type":"EntryPoint","urlTemplate":"https:\/\/www.prolamfloors.com\/?s={search_term_string}"},"query-input":{"@type":"PropertyValueSpecification","valueRequired":true,"valueName":"search_term_string"}}],"inLanguage":"fr-FR"}]}},"_links":{"self":[{"href":"https:\/\/www.prolamfloors.com\/fr\/wp-json\/wp\/v2\/pages\/1155","targetHints":{"allow":["GET"]}}],"collection":[{"href":"https:\/\/www.prolamfloors.com\/fr\/wp-json\/wp\/v2\/pages"}],"about":[{"href":"https:\/\/www.prolamfloors.com\/fr\/wp-json\/wp\/v2\/types\/page"}],"author":[{"embeddable":true,"href":"https:\/\/www.prolamfloors.com\/fr\/wp-json\/wp\/v2\/users\/1"}],"replies":[{"embeddable":true,"href":"https:\/\/www.prolamfloors.com\/fr\/wp-json\/wp\/v2\/comments?post=1155"}],"version-history":[{"count":15,"href":"https:\/\/www.prolamfloors.com\/fr\/wp-json\/wp\/v2\/pages\/1155\/revisions"}],"predecessor-version":[{"id":3236,"href":"https:\/\/www.prolamfloors.com\/fr\/wp-json\/wp\/v2\/pages\/1155\/revisions\/3236"}],"wp:attachment":[{"href":"https:\/\/www.prolamfloors.com\/fr\/wp-json\/wp\/v2\/media?parent=1155"}],"curies":[{"name":"wp","href":"https:\/\/api.w.org\/{rel}","templated":true}]}}