{"id":1026,"date":"2018-08-17T15:01:46","date_gmt":"2018-08-17T15:01:46","guid":{"rendered":"http:\/\/www.prolamfloors.com\/documentation\/"},"modified":"2022-02-28T15:31:29","modified_gmt":"2022-02-28T15:31:29","slug":"documentation","status":"publish","type":"page","link":"https:\/\/www.prolamfloors.com\/fr\/documentation\/","title":{"rendered":"Documentation"},"content":{"rendered":"","protected":false},"excerpt":{"rendered":"","protected":false},"author":1,"featured_media":0,"parent":0,"menu_order":0,"comment_status":"closed","ping_status":"closed","template":"content-documentation.php","meta":{"_acf_changed":false,"footnotes":""},"class_list":["post-1026","page","type-page","status-publish","hentry"],"acf":[],"yoast_head":"<!-- This site is optimized with the Yoast SEO plugin v27.2 - https:\/\/yoast.com\/product\/yoast-seo-wordpress\/ -->\n<title>Documentation sur nos produits de protection pour plancher de remorque<\/title>\n<meta name=\"description\" content=\"Prenez connaissance des plus r\u00e9cents d\u00e9tails au sujet des solutions Prolam. T\u00e9l\u00e9chargez nos brochures et nos feuillets techniques d\u00e8s maintenant !\" \/>\n<meta name=\"robots\" content=\"index, follow, max-snippet:-1, max-image-preview:large, max-video-preview:-1\" \/>\n<link rel=\"canonical\" href=\"https:\/\/www.prolamfloors.com\/documentation\/\" \/>\n<meta property=\"og:locale\" content=\"fr_FR\" \/>\n<meta property=\"og:type\" content=\"article\" \/>\n<meta property=\"og:title\" content=\"Documentation sur nos produits de protection pour plancher de remorque\" \/>\n<meta property=\"og:description\" content=\"Prenez connaissance des plus r\u00e9cents d\u00e9tails au sujet des solutions Prolam. T\u00e9l\u00e9chargez nos brochures et nos feuillets techniques d\u00e8s maintenant !\" \/>\n<meta property=\"og:url\" content=\"https:\/\/www.prolamfloors.com\/documentation\/\" \/>\n<meta property=\"og:site_name\" content=\"Prolam\" \/>\n<meta property=\"article:modified_time\" content=\"2022-02-28T15:31:29+00:00\" \/>\n<meta name=\"twitter:card\" content=\"summary_large_image\" \/>\n<script type=\"application\/ld+json\" class=\"yoast-schema-graph\">{\"@context\":\"https:\/\/schema.org\",\"@graph\":[{\"@type\":\"WebPage\",\"@id\":\"https:\/\/www.prolamfloors.com\/documentation\/\",\"url\":\"https:\/\/www.prolamfloors.com\/documentation\/\",\"name\":\"Documentation sur nos produits de protection pour plancher de remorque\",\"isPartOf\":{\"@id\":\"https:\/\/www.prolamfloors.com\/#website\"},\"datePublished\":\"2018-08-17T15:01:46+00:00\",\"dateModified\":\"2022-02-28T15:31:29+00:00\",\"description\":\"Prenez connaissance des plus r\u00e9cents d\u00e9tails au sujet des solutions Prolam. T\u00e9l\u00e9chargez nos brochures et nos feuillets techniques d\u00e8s maintenant !\",\"inLanguage\":\"fr-FR\",\"potentialAction\":[{\"@type\":\"ReadAction\",\"target\":[\"https:\/\/www.prolamfloors.com\/documentation\/\"]}]},{\"@type\":\"WebSite\",\"@id\":\"https:\/\/www.prolamfloors.com\/#website\",\"url\":\"https:\/\/www.prolamfloors.com\/\",\"name\":\"Prolam\",\"description\":\"Driven by innovation\",\"potentialAction\":[{\"@type\":\"SearchAction\",\"target\":{\"@type\":\"EntryPoint\",\"urlTemplate\":\"https:\/\/www.prolamfloors.com\/?s={search_term_string}\"},\"query-input\":{\"@type\":\"PropertyValueSpecification\",\"valueRequired\":true,\"valueName\":\"search_term_string\"}}],\"inLanguage\":\"fr-FR\"}]}<\/script>\n<!-- \/ Yoast SEO plugin. -->","yoast_head_json":{"title":"Documentation sur nos produits de protection pour plancher de remorque","description":"Prenez connaissance des plus r\u00e9cents d\u00e9tails au sujet des solutions Prolam. T\u00e9l\u00e9chargez nos brochures et nos feuillets techniques d\u00e8s maintenant !","robots":{"index":"index","follow":"follow","max-snippet":"max-snippet:-1","max-image-preview":"max-image-preview:large","max-video-preview":"max-video-preview:-1"},"canonical":"https:\/\/www.prolamfloors.com\/documentation\/","og_locale":"fr_FR","og_type":"article","og_title":"Documentation sur nos produits de protection pour plancher de remorque","og_description":"Prenez connaissance des plus r\u00e9cents d\u00e9tails au sujet des solutions Prolam. T\u00e9l\u00e9chargez nos brochures et nos feuillets techniques d\u00e8s maintenant !","og_url":"https:\/\/www.prolamfloors.com\/documentation\/","og_site_name":"Prolam","article_modified_time":"2022-02-28T15:31:29+00:00","twitter_card":"summary_large_image","schema":{"@context":"https:\/\/schema.org","@graph":[{"@type":"WebPage","@id":"https:\/\/www.prolamfloors.com\/documentation\/","url":"https:\/\/www.prolamfloors.com\/documentation\/","name":"Documentation sur nos produits de protection pour plancher de remorque","isPartOf":{"@id":"https:\/\/www.prolamfloors.com\/#website"},"datePublished":"2018-08-17T15:01:46+00:00","dateModified":"2022-02-28T15:31:29+00:00","description":"Prenez connaissance des plus r\u00e9cents d\u00e9tails au sujet des solutions Prolam. T\u00e9l\u00e9chargez nos brochures et nos feuillets techniques d\u00e8s maintenant !","inLanguage":"fr-FR","potentialAction":[{"@type":"ReadAction","target":["https:\/\/www.prolamfloors.com\/documentation\/"]}]},{"@type":"WebSite","@id":"https:\/\/www.prolamfloors.com\/#website","url":"https:\/\/www.prolamfloors.com\/","name":"Prolam","description":"Driven by innovation","potentialAction":[{"@type":"SearchAction","target":{"@type":"EntryPoint","urlTemplate":"https:\/\/www.prolamfloors.com\/?s={search_term_string}"},"query-input":{"@type":"PropertyValueSpecification","valueRequired":true,"valueName":"search_term_string"}}],"inLanguage":"fr-FR"}]}},"_links":{"self":[{"href":"https:\/\/www.prolamfloors.com\/fr\/wp-json\/wp\/v2\/pages\/1026","targetHints":{"allow":["GET"]}}],"collection":[{"href":"https:\/\/www.prolamfloors.com\/fr\/wp-json\/wp\/v2\/pages"}],"about":[{"href":"https:\/\/www.prolamfloors.com\/fr\/wp-json\/wp\/v2\/types\/page"}],"author":[{"embeddable":true,"href":"https:\/\/www.prolamfloors.com\/fr\/wp-json\/wp\/v2\/users\/1"}],"replies":[{"embeddable":true,"href":"https:\/\/www.prolamfloors.com\/fr\/wp-json\/wp\/v2\/comments?post=1026"}],"version-history":[{"count":16,"href":"https:\/\/www.prolamfloors.com\/fr\/wp-json\/wp\/v2\/pages\/1026\/revisions"}],"predecessor-version":[{"id":2770,"href":"https:\/\/www.prolamfloors.com\/fr\/wp-json\/wp\/v2\/pages\/1026\/revisions\/2770"}],"wp:attachment":[{"href":"https:\/\/www.prolamfloors.com\/fr\/wp-json\/wp\/v2\/media?parent=1026"}],"curies":[{"name":"wp","href":"https:\/\/api.w.org\/{rel}","templated":true}]}}